{"id":77,"date":"2016-12-24T22:30:03","date_gmt":"2016-12-24T22:30:03","guid":{"rendered":"https:\/\/informatique-ste-foy.com\/depannage-ordinateur\/?page_id=77"},"modified":"2023-09-23T21:58:14","modified_gmt":"2023-09-24T02:58:14","slug":"optimisation-systeme-ordinateur-2","status":"publish","type":"page","link":"https:\/\/informatique-ste-foy.com\/depannage-ordinateur\/optimisation-systeme-ordinateur-2\/","title":{"rendered":"Optimisation systeme ordinateur"},"content":{"rendered":"<h3 style=\"text-align: center;\"><span style=\"color: #ff0000;\"><a style=\"color: #ff0000;\" href=\"https:\/\/informatique-ste-foy.com\/demandes-de-devis-informatique.php\"><strong>PRENDRE UN RENDEZ-VOUS EN LIGNE<\/strong><\/a><\/span><\/h3>\n<p>&nbsp;<\/p>\n<h2><img loading=\"lazy\" decoding=\"async\" class=\"aligncenter wp-image-151 size-medium\" src=\"https:\/\/informatique-ste-foy.com\/depannage-ordinateur\/wp-content\/uploads\/2016\/12\/Optimisation-systeme-ordinateur-300x200.png\" alt=\"optimisation-systeme\" width=\"300\" height=\"200\" srcset=\"https:\/\/informatique-ste-foy.com\/depannage-ordinateur\/wp-content\/uploads\/2016\/12\/Optimisation-systeme-ordinateur-300x200.png 300w, https:\/\/informatique-ste-foy.com\/depannage-ordinateur\/wp-content\/uploads\/2016\/12\/Optimisation-systeme-ordinateur-768x512.png 768w, https:\/\/informatique-ste-foy.com\/depannage-ordinateur\/wp-content\/uploads\/2016\/12\/Optimisation-systeme-ordinateur-700x467.png 700w\" sizes=\"auto, (max-width: 300px) 100vw, 300px\" \/><\/h2>\n<h2>Optimisation Syst\u00e8me Ordinateur<\/h2>\n<p>Un logiciel d\u2019optimisation et de nettoyage de PC est un outil tr\u00e8s utile pour garder un ordinateur performant. Avec le temps, un ordinateur perd en vitesse de croisi\u00e8re car la m\u00e9moire vive du disque dur est trop sollicit\u00e9e et les jeux, applications, logiciels et programmes prennent de la place. Le logiciel d\u2019optimisation de PC est donc de mise. Suivez notre guide pour d\u00e9couvrir les principales r\u00e9f\u00e9rences en la mati\u00e8re, leur utilit\u00e9 et nos conseils pour obtenir une machine qui tourne \u00e0 100% de ses capacit\u00e9s.<\/p>\n<ul>\n<li class=\"title\">Analysez les probl\u00e8mes<\/li>\n<li class=\"title\">R\u00e9soudre les probl\u00e8mes<\/li>\n<li class=\"title\">Corriger les probl\u00e8mes de registre<\/li>\n<li class=\"title\">D\u00e9fragmenter votre disque dur<\/li>\n<li class=\"title\">La mise \u00e0 jour de votre syst\u00e8me d&rsquo;exploitation<\/li>\n<li class=\"title\">Mettre \u00e0 jour les pilotes<\/li>\n<li class=\"title\">D\u00e9sinfecter votre ordinateur et le s\u00e9curiser<\/li>\n<li class=\"title\">D\u00e9sinstaller les logiciels ind\u00e9sirables<\/li>\n<li class=\"title\">\n<p class=\"title\">Supprimer les logiciels\/services au d\u00e9marrage<\/p>\n<div class=\"titlepage\">\n<h2 class=\"title\"><img loading=\"lazy\" decoding=\"async\" class=\"aligncenter wp-image-152 size-large\" src=\"https:\/\/informatique-ste-foy.com\/depannage-ordinateur\/wp-content\/uploads\/2016\/12\/Optimisation-systeme-ordinateur-quebec-700x442.png\" alt=\"optimisation-systeme-ordinateur\" width=\"700\" height=\"442\" srcset=\"https:\/\/informatique-ste-foy.com\/depannage-ordinateur\/wp-content\/uploads\/2016\/12\/Optimisation-systeme-ordinateur-quebec-700x442.png 700w, https:\/\/informatique-ste-foy.com\/depannage-ordinateur\/wp-content\/uploads\/2016\/12\/Optimisation-systeme-ordinateur-quebec-300x189.png 300w, https:\/\/informatique-ste-foy.com\/depannage-ordinateur\/wp-content\/uploads\/2016\/12\/Optimisation-systeme-ordinateur-quebec-768x484.png 768w\" sizes=\"auto, (max-width: 700px) 100vw, 700px\" \/><br \/>\nOptimisation Syst\u00e8me Ordinateur<\/h2>\n<p class=\"title\">Envie de savoir plus sur l\u2019\u00e9tat de votre syst\u00e8me, choisissez un utilitaire de diagnostic rapide capable d\u2019en avoir le contr\u00f4le pr\u00e9cis. CPU-Z fournit un panel d\u2019informations int\u00e9ressantes concernant votre syst\u00e8me, \u00e0 savoir \u00a0le nom et la marque du processeur, le package, le core et r\u00e9vision du processeur, le m\u00e9moire, la tension d\u2019alimentation actuelle et autres.<\/p>\n<\/div>\n<div align=\"left\">\n<div align=\"left\">&#8211; M\u00e9moire Vid\u00e9o<\/div>\n<div align=\"left\">&#8211; Structures Fichier<\/div>\n<div align=\"left\">&#8211; Reconstruction Volume (si besoin)<\/div>\n<div align=\"left\">&#8211; Optimisation Fichiers<\/div>\n<div align=\"left\">&#8211; Optimisation de votre Volume<\/div>\n<div align=\"left\">&#8211; V\u00e9rification des autorisations de votre Disque<\/div>\n<div align=\"left\">&#8211; Mise \u00e0 jour Mac os x<\/div>\n<\/div>\n<div align=\"left\">&#8211; V\u00e9rification et r\u00e9paration des autorisations de votre disque dur<\/div>\n<div align=\"left\">&#8211; Nettoyage de votre disque dur<\/div>\n<div align=\"left\">&#8211; V\u00e9rification et r\u00e9paration des bases de registres<\/div>\n<div align=\"left\">&#8211; Optimisation de votre syst\u00e8me Mac OS X<\/div>\n<div align=\"left\">&#8211; Recherche et installation de vos mises \u00e0 jour syst\u00e8me<\/div>\n<div align=\"left\">&#8211; Test Ordinateur (Usb &#8211; firewire &#8211; \u00e9cran)<\/div>\n<\/li>\n<\/ul>\n<h3 style=\"text-align: center;\"><span style=\"color: #ff0000;\"><a style=\"color: #ff0000;\" href=\"https:\/\/informatique-ste-foy.com\/demandes-de-devis-informatique.php\"><strong>PRENDRE UN RENDEZ-VOUS EN LIGNE<\/strong><\/a><\/span><\/h3>\n<p>&nbsp;<\/p>\n<table width=\"196\">\n<tbody>\n<tr>\n<td width=\"196\"><a href=\"https:\/\/reparation-tablette-quebec.ca\/\">Reparation Tablette Quebec<\/a><\/td>\n<\/tr>\n<tr>\n<td><\/td>\n<\/tr>\n<tr>\n<td><a href=\"https:\/\/reparation-pc.ca\/recuperation-de-donnees-reparer-disque-dur\/\">Probl\u00e8mes de disque dur<\/a><\/td>\n<\/tr>\n<tr>\n<td><\/td>\n<\/tr>\n<tr>\n<td><a href=\"https:\/\/informatique-ste-foy.com\/recuperation-de-donnees-ville-de-quebec.php\">R\u00e9cup\u00e9ration de donn\u00e9es<\/a><\/td>\n<\/tr>\n<tr>\n<td><\/td>\n<\/tr>\n<\/tbody>\n<\/table>\n<h3 style=\"text-align: center;\">Optimisation Syst\u00e8me Ordinateur<\/h3>\n<p style=\"text-align: center;\"><span style=\"color: #00ccff;\"><strong>Magasin de R\u00e9paration Informatique\u00a0<\/strong><\/span><strong><span style=\"color: #00ccff;\">SOS Informatique Ste-Foy Quebec<\/span>\u00a0<\/strong><\/p>\n<div class=\"textwidget\">\n<p style=\"text-align: center;\"><strong><span class=\"_xdb\"><span style=\"color: #ff0000;\">Address :<\/span> <span style=\"color: #339966;\">\u00a0<\/span><\/span><span class=\"_Xbe\" style=\"color: #339966;\">979 Avenue de Bourgogne, Ville de Qu\u00e9bec, QC G1W 2L4, Canada<\/span><\/strong><\/p>\n<p><img loading=\"lazy\" decoding=\"async\" class=\"aligncenter wp-image-38 size-large\" src=\"https:\/\/informatique-ste-foy.com\/depannage-ordinateur\/wp-content\/uploads\/2016\/12\/Headline_02-2-700x187.png\" sizes=\"auto, (max-width: 700px) 100vw, 700px\" srcset=\"https:\/\/informatique-ste-foy.com\/depannage-ordinateur\/wp-content\/uploads\/2016\/12\/Headline_02-2-700x187.png 700w, https:\/\/informatique-ste-foy.com\/depannage-ordinateur\/wp-content\/uploads\/2016\/12\/Headline_02-2-300x80.png 300w, https:\/\/informatique-ste-foy.com\/depannage-ordinateur\/wp-content\/uploads\/2016\/12\/Headline_02-2.png 750w\" width=\"700\" height=\"187\" \/><\/p>\n<\/div>\n<div class=\"textwidget\">\n<h3><\/h3>\n<div class=\"textwidget\"><\/div>\n<div class=\"thumbnail-gallery clearfix\"><\/div>\n<\/div>\n<div id=\"simple-translate\" class=\"simple-translate-system-theme\">\n<div>\n<div class=\"simple-translate-button isShow\" style=\"background-image: url('moz-extension:\/\/bd62b170-bee0-4734-ba74-c15b191141b2\/icons\/512.png'); height: 22px; width: 22px; top: 374px; left: 264px;\"><\/div>\n<div class=\"simple-translate-panel \" style=\"width: 300px; height: 200px; top: 0px; left: 0px; font-size: 13px;\">\n<div class=\"simple-translate-result-wrapper\" style=\"overflow: hidden;\">\n<div class=\"simple-translate-move\" draggable=\"true\"><\/div>\n<div class=\"simple-translate-result-contents\">\n<p class=\"simple-translate-result\" dir=\"auto\">\n<p class=\"simple-translate-candidate\" dir=\"auto\">\n<\/div>\n<\/div>\n<\/div>\n<\/div>\n<\/div>\n","protected":false},"excerpt":{"rendered":"<p>PRENDRE UN RENDEZ-VOUS EN LIGNE &nbsp; Optimisation Syst\u00e8me Ordinateur Un logiciel d\u2019optimisation et de nettoyage de PC est un outil tr\u00e8s utile pour garder un ordinateur performant. Avec le temps, un ordinateur perd en vitesse de croisi\u00e8re car la m\u00e9moire vive du disque dur est trop sollicit\u00e9e et les jeux, applications, logiciels et programmes prennent <a class=\"more-link\" href=\"https:\/\/informatique-ste-foy.com\/depannage-ordinateur\/optimisation-systeme-ordinateur-2\/\">Lire plus &#8230;<\/a><\/p>\n","protected":false},"author":1,"featured_media":0,"parent":0,"menu_order":0,"comment_status":"closed","ping_status":"closed","template":"","meta":{"footnotes":""},"class_list":["post-77","page","type-page","status-publish","hentry"],"aioseo_notices":[],"_links":{"self":[{"href":"https:\/\/informatique-ste-foy.com\/depannage-ordinateur\/wp-json\/wp\/v2\/pages\/77","targetHints":{"allow":["GET"]}}],"collection":[{"href":"https:\/\/informatique-ste-foy.com\/depannage-ordinateur\/wp-json\/wp\/v2\/pages"}],"about":[{"href":"https:\/\/informatique-ste-foy.com\/depannage-ordinateur\/wp-json\/wp\/v2\/types\/page"}],"author":[{"embeddable":true,"href":"https:\/\/informatique-ste-foy.com\/depannage-ordinateur\/wp-json\/wp\/v2\/users\/1"}],"replies":[{"embeddable":true,"href":"https:\/\/informatique-ste-foy.com\/depannage-ordinateur\/wp-json\/wp\/v2\/comments?post=77"}],"version-history":[{"count":13,"href":"https:\/\/informatique-ste-foy.com\/depannage-ordinateur\/wp-json\/wp\/v2\/pages\/77\/revisions"}],"predecessor-version":[{"id":793,"href":"https:\/\/informatique-ste-foy.com\/depannage-ordinateur\/wp-json\/wp\/v2\/pages\/77\/revisions\/793"}],"wp:attachment":[{"href":"https:\/\/informatique-ste-foy.com\/depannage-ordinateur\/wp-json\/wp\/v2\/media?parent=77"}],"curies":[{"name":"wp","href":"https:\/\/api.w.org\/{rel}","templated":true}]}}