{"id":63,"date":"2016-12-24T17:14:22","date_gmt":"2016-12-24T17:14:22","guid":{"rendered":"https:\/\/informatique-ste-foy.com\/depannage-ordinateur\/?page_id=63"},"modified":"2021-11-01T13:55:53","modified_gmt":"2021-11-01T18:55:53","slug":"entreprises-sauvegarde-de-donnees-back-up","status":"publish","type":"page","link":"https:\/\/informatique-ste-foy.com\/depannage-ordinateur\/entreprises-sauvegarde-de-donnees-back-up\/","title":{"rendered":"Sauvegarde de donnees backup"},"content":{"rendered":"<h3 style=\"text-align: center;\"><span style=\"color: #ff0000;\"><a style=\"color: #ff0000;\" href=\"https:\/\/reparation-ordinateur-quebec.ca\/formulaire-de-rendez-vous\/\"><strong>PRENDRE UN RENDEZ-VOUS EN LIGNE<\/strong><\/a><\/span><\/h3>\n<p>&nbsp;<\/p>\n<h2><img loading=\"lazy\" decoding=\"async\" class=\"aligncenter wp-image-139 size-medium\" src=\"https:\/\/informatique-ste-foy.com\/depannage-ordinateur\/wp-content\/uploads\/2016\/12\/backup-300x300.png\" alt=\"Sauvegarde de donnees backup\" width=\"300\" height=\"300\" srcset=\"https:\/\/informatique-ste-foy.com\/depannage-ordinateur\/wp-content\/uploads\/2016\/12\/backup-300x300.png 300w, https:\/\/informatique-ste-foy.com\/depannage-ordinateur\/wp-content\/uploads\/2016\/12\/backup-150x150.png 150w, https:\/\/informatique-ste-foy.com\/depannage-ordinateur\/wp-content\/uploads\/2016\/12\/backup-768x768.png 768w, https:\/\/informatique-ste-foy.com\/depannage-ordinateur\/wp-content\/uploads\/2016\/12\/backup-700x700.png 700w, https:\/\/informatique-ste-foy.com\/depannage-ordinateur\/wp-content\/uploads\/2016\/12\/backup-200x200.png 200w\" sizes=\"auto, (max-width: 300px) 100vw, 300px\" \/><\/h2>\n<p>&nbsp;<\/p>\n<h2 style=\"text-align: center;\">Sauvegarde de donn\u00e9es backup<\/h2>\n<p>Les particulier et petites entreprise attendent souvent l\u2019accident pour se rendre compte de l importance de leurs donn\u00e9es, la sauvegarde des donn\u00e9es est souvent n\u00e9glig\u00e9e.<\/p>\n<p>qu il s agisse de leur messagerie, des documents Word, Pdf, comptabilit\u00e9 ou images il est souvent trop tard pour r\u00e9cup\u00e9rer les donn\u00e9es \u00e0 moindre coup.<\/p>\n<p>En mettant en place une sauvegarde automatis\u00e9 vous dupliqu\u00e9 les dossiers importants vers un disque de sauvegarde.<\/p>\n<ul>\n<li>Mise en place d\u2019une double sauvegarde<\/li>\n<li>Sauvegarde automatique sur un disque USB ou sur un NAS<\/li>\n<li>Sauvegarde en ligne et sauvegarde locale automatiques (logiciel + espace de sauvegarde en ligne).<\/li>\n<li>Sauvegarde des donn\u00e9es professionnelles (fichiers, bases de donn\u00e9es, boites emails, \u2026).<\/li>\n<li>Tout environnements logiciels et mat\u00e9riels.<\/li>\n<li>Donn\u00e9es h\u00e9berg\u00e9es<\/li>\n<li>Restauration accessible 24H\/24<\/li>\n<li>Accompagnement t\u00e9l\u00e9phonique gratuit de param\u00e9trage, sauvegarde et restauration.<\/li>\n<li>Sauvegarde automatique en ligne sur un serveur Web<\/li>\n<li>Vos fichiers sont sauvegard\u00e9s quotidiennement en local et dans le cloud, les fichiers sauvegard\u00e9s peuvent etre votre messagerie, vos documents Word, PDF Excel, images musique etc.<\/li>\n<li>Restauration de tout ou partie des donn\u00e9es.<\/li>\n<\/ul>\n<p><img loading=\"lazy\" decoding=\"async\" class=\"aligncenter wp-image-140 size-full\" src=\"https:\/\/informatique-ste-foy.com\/depannage-ordinateur\/wp-content\/uploads\/2016\/12\/computer-1574533_640.jpg\" alt=\"sauvegarde de donn\u00e9es \" width=\"640\" height=\"466\" srcset=\"https:\/\/informatique-ste-foy.com\/depannage-ordinateur\/wp-content\/uploads\/2016\/12\/computer-1574533_640.jpg 640w, https:\/\/informatique-ste-foy.com\/depannage-ordinateur\/wp-content\/uploads\/2016\/12\/computer-1574533_640-300x218.jpg 300w\" sizes=\"auto, (max-width: 640px) 100vw, 640px\" \/><\/p>\n<h2 style=\"text-align: center;\">Sauvegarde et transfert des fichiers de votre disque dur<\/h2>\n<section class=\"col1\">\n<div class=\"col-cont\">\n<div class=\"bloc\">\n<div class=\"bloc-cont\">\n<div class=\"bloc-texte\">\n<p>Pour \u00e9viter la perte de donn\u00e9es, il est n\u00e9cessaire de faire r\u00e9guli\u00e8rement un back up de votre disque dur. Il existe aujourd\u2019hui plusieurs technologies permettant de sauvegarde facilement et rapidement vos donn\u00e9es. Notre r\u00e9parateur informatique\u00e0 Ste-Foy Quebec\u00a0vous propose ses services pour transf\u00e9rer rapidement vos donn\u00e9es sur cl\u00e9 USB ou sur un autre disque dur en vue de changer d\u2019ordinateur ou pour partager simplement vos donn\u00e9es. Demandez d\u00e8s aujourd\u2019hui l\u2019assistance de notre professionnel au\u00a0<strong>(418) 255-8998<\/strong><\/p>\n<h3 style=\"text-align: center;\"><span style=\"color: #ff0000;\"><a style=\"color: #ff0000;\" href=\"https:\/\/reparation-ordinateur-quebec.ca\/formulaire-de-rendez-vous\/\"><strong>PRENDRE UN RENDEZ-VOUS EN LIGNE<\/strong><\/a><\/span><\/h3>\n<p>Si vous avez d&rsquo;autre question :<\/p>\n<ul>\n<li>sauvegarde de donn\u00e9es<\/li>\n<li>plan de sauvegarde et de restauration des donn\u00e9es<\/li>\n<li>sauvegarde des donn\u00e9es sur google<\/li>\n<li>sauvegarde des donn\u00e9es informatiques entreprise<\/li>\n<li>sauvegarde incr\u00e9mentielle<\/li>\n<li>strat\u00e9gie de sauvegarde informatique pdf<\/li>\n<li>sauvegarde des donn\u00e9es informatiques entreprise pdf<\/li>\n<li>type de sauvegarde<\/li>\n<\/ul>\n<\/div>\n<\/div>\n<\/div>\n<\/div>\n<\/section>\n<h2 style=\"text-align: center;\">Sauvegarde de donnees backup<\/h2>\n<p style=\"text-align: center;\"><span style=\"color: #00ccff;\"><strong>Magasin de R\u00e9paration Informatique\u00a0<\/strong><\/span><strong><span style=\"color: #00ccff;\">SOS Informatique Ste-Foy Quebec<\/span>\u00a0<\/strong><\/p>\n<div class=\"textwidget\">\n<p style=\"text-align: center;\"><strong><span class=\"_xdb\"><span style=\"color: #ff0000;\">Address :<\/span> <span style=\"color: #339966;\">\u00a0<\/span><\/span><span class=\"_Xbe\" style=\"color: #339966;\">979 Avenue de Bourgogne, Ville de Qu\u00e9bec, QC G1W 2L4, Canada<\/span><\/strong><\/p>\n<p><img loading=\"lazy\" decoding=\"async\" class=\"aligncenter wp-image-38 size-large\" src=\"https:\/\/informatique-ste-foy.com\/depannage-ordinateur\/wp-content\/uploads\/2016\/12\/Headline_02-2-700x187.png\" sizes=\"auto, (max-width: 700px) 100vw, 700px\" srcset=\"https:\/\/informatique-ste-foy.com\/depannage-ordinateur\/wp-content\/uploads\/2016\/12\/Headline_02-2-700x187.png 700w, https:\/\/informatique-ste-foy.com\/depannage-ordinateur\/wp-content\/uploads\/2016\/12\/Headline_02-2-300x80.png 300w, https:\/\/informatique-ste-foy.com\/depannage-ordinateur\/wp-content\/uploads\/2016\/12\/Headline_02-2.png 750w\" width=\"700\" height=\"187\" \/><\/p>\n<\/div>\n","protected":false},"excerpt":{"rendered":"<p>PRENDRE UN RENDEZ-VOUS EN LIGNE &nbsp; &nbsp; Sauvegarde de donn\u00e9es backup Les particulier et petites entreprise attendent souvent l\u2019accident pour se rendre compte de l importance de leurs donn\u00e9es, la sauvegarde des donn\u00e9es est souvent n\u00e9glig\u00e9e. qu il s agisse de leur messagerie, des documents Word, Pdf, comptabilit\u00e9 ou images il est souvent trop tard <a class=\"more-link\" href=\"https:\/\/informatique-ste-foy.com\/depannage-ordinateur\/entreprises-sauvegarde-de-donnees-back-up\/\">Lire plus &#8230;<\/a><\/p>\n","protected":false},"author":1,"featured_media":0,"parent":0,"menu_order":0,"comment_status":"closed","ping_status":"closed","template":"","meta":{"footnotes":""},"class_list":["post-63","page","type-page","status-publish","hentry"],"aioseo_notices":[],"_links":{"self":[{"href":"https:\/\/informatique-ste-foy.com\/depannage-ordinateur\/wp-json\/wp\/v2\/pages\/63","targetHints":{"allow":["GET"]}}],"collection":[{"href":"https:\/\/informatique-ste-foy.com\/depannage-ordinateur\/wp-json\/wp\/v2\/pages"}],"about":[{"href":"https:\/\/informatique-ste-foy.com\/depannage-ordinateur\/wp-json\/wp\/v2\/types\/page"}],"author":[{"embeddable":true,"href":"https:\/\/informatique-ste-foy.com\/depannage-ordinateur\/wp-json\/wp\/v2\/users\/1"}],"replies":[{"embeddable":true,"href":"https:\/\/informatique-ste-foy.com\/depannage-ordinateur\/wp-json\/wp\/v2\/comments?post=63"}],"version-history":[{"count":9,"href":"https:\/\/informatique-ste-foy.com\/depannage-ordinateur\/wp-json\/wp\/v2\/pages\/63\/revisions"}],"predecessor-version":[{"id":714,"href":"https:\/\/informatique-ste-foy.com\/depannage-ordinateur\/wp-json\/wp\/v2\/pages\/63\/revisions\/714"}],"wp:attachment":[{"href":"https:\/\/informatique-ste-foy.com\/depannage-ordinateur\/wp-json\/wp\/v2\/media?parent=63"}],"curies":[{"name":"wp","href":"https:\/\/api.w.org\/{rel}","templated":true}]}}