{"id":53,"date":"2016-12-24T15:16:38","date_gmt":"2016-12-24T15:16:38","guid":{"rendered":"https:\/\/informatique-ste-foy.com\/depannage-ordinateur\/?page_id=53"},"modified":"2023-09-23T19:46:24","modified_gmt":"2023-09-24T00:46:24","slug":"suppression-virus-et-nettoyage-ordinateur","status":"publish","type":"page","link":"https:\/\/informatique-ste-foy.com\/depannage-ordinateur\/suppression-virus-et-nettoyage-ordinateur\/","title":{"rendered":"Suppression virus et nettoyage ordinateur"},"content":{"rendered":"<h3 style=\"text-align: center;\"><span style=\"color: #ff0000;\"><a style=\"color: #ff0000;\" href=\"https:\/\/reparation-ordinateur-quebec.ca\/formulaire-de-rendez-vous\/\"><strong>PRENDRE UN RENDEZ-VOUS EN LIGNE<\/strong><\/a><\/span><\/h3>\n<p><a href=\"https:\/\/reparation-ordinateur-quebec.ca\/formulaire-de-rendez-vous\/\"><img loading=\"lazy\" decoding=\"async\" class=\"aligncenter wp-image-168 size-large\" src=\"https:\/\/informatique-ste-foy.com\/depannage-ordinateur\/wp-content\/uploads\/2016\/12\/Headline_01-700x118.png\" width=\"700\" height=\"118\" srcset=\"https:\/\/informatique-ste-foy.com\/depannage-ordinateur\/wp-content\/uploads\/2016\/12\/Headline_01-700x118.png 700w, https:\/\/informatique-ste-foy.com\/depannage-ordinateur\/wp-content\/uploads\/2016\/12\/Headline_01-300x50.png 300w, https:\/\/informatique-ste-foy.com\/depannage-ordinateur\/wp-content\/uploads\/2016\/12\/Headline_01.png 750w\" sizes=\"auto, (max-width: 700px) 100vw, 700px\" \/><\/a><br \/>\n<img loading=\"lazy\" decoding=\"async\" class=\"aligncenter wp-image-133 size-medium\" src=\"https:\/\/informatique-ste-foy.com\/depannage-ordinateur\/wp-content\/uploads\/2016\/12\/J-Alves-germ-4c-286x300.png\" alt=\"comment supprimer un virus sur pc\" width=\"286\" height=\"300\" srcset=\"https:\/\/informatique-ste-foy.com\/depannage-ordinateur\/wp-content\/uploads\/2016\/12\/J-Alves-germ-4c-286x300.png 286w, https:\/\/informatique-ste-foy.com\/depannage-ordinateur\/wp-content\/uploads\/2016\/12\/J-Alves-germ-4c-768x805.png 768w, https:\/\/informatique-ste-foy.com\/depannage-ordinateur\/wp-content\/uploads\/2016\/12\/J-Alves-germ-4c-700x734.png 700w\" sizes=\"auto, (max-width: 286px) 100vw, 286px\" \/><\/p>\n<h2 style=\"text-align: center;\">Suppression virus et nettoyage ordinateur<\/h2>\n<div class=\"row\">\n<div class=\"column\">\n<div class=\"column-content\">\n<div class=\"clearfix\">\n<p>D\u00e9pannage d&rsquo;ordinateur\u00a0infect\u00e9 de virus.\u00a0Suppression\u00a0virus et Malwares ou Trojans\u00a0du PC est important pour la s\u00e9curit\u00e9 des donn\u00e9es et de l&rsquo;ordinateurs.Supprimer les virus et Malwares de l&rsquo;ordinateur<\/p>\n<p>Selon Google ; D\u00e9finition\u00a0de\u00a0VIRUS\u00a0: \u00ab\u00a0Un\u00a0virus informatique\u00a0est un programme \u00e9crit dans le but de se propager sournoisement et rapidement \u00e0 d&rsquo;autres ordinateurs. Il perturbe plus ou moins gravement le fonctionnement de l&rsquo;ordinateur infect\u00e9\u00a0\u00bb<\/p>\n<p>Alors que sous Malware, on retrouve tous les logiciels malvaillants et programmes nuisibles<\/p>\n<p>Le\u00a0virus informatique, il peut se dupliquer et se propager via des documents \u00e0 d&rsquo;autres ordinateurs. Il ralentit l&rsquo;ordinateur, peut d\u00e9truire vos fichiers et dossiers.<\/p>\n<\/div>\n<\/div>\n<\/div>\n<\/div>\n<h3><img loading=\"lazy\" decoding=\"async\" class=\"aligncenter wp-image-134 size-medium\" src=\"https:\/\/informatique-ste-foy.com\/depannage-ordinateur\/wp-content\/uploads\/2016\/12\/Evil-Virus-300x300.png\" alt=\" supprimer virus pc windows 10\" width=\"300\" height=\"300\" srcset=\"https:\/\/informatique-ste-foy.com\/depannage-ordinateur\/wp-content\/uploads\/2016\/12\/Evil-Virus-300x300.png 300w, https:\/\/informatique-ste-foy.com\/depannage-ordinateur\/wp-content\/uploads\/2016\/12\/Evil-Virus-150x150.png 150w, https:\/\/informatique-ste-foy.com\/depannage-ordinateur\/wp-content\/uploads\/2016\/12\/Evil-Virus-768x765.png 768w, https:\/\/informatique-ste-foy.com\/depannage-ordinateur\/wp-content\/uploads\/2016\/12\/Evil-Virus-700x697.png 700w, https:\/\/informatique-ste-foy.com\/depannage-ordinateur\/wp-content\/uploads\/2016\/12\/Evil-Virus-200x200.png 200w\" sizes=\"auto, (max-width: 300px) 100vw, 300px\" \/><\/h3>\n<h2 style=\"text-align: center;\">Suppression de virus et nettoyage<\/h2>\n<p>Pour prot\u00e9ger un ordinateur des <strong>virus informatiques<\/strong>, vous devez prendre quelques pr\u00e9cautions :<\/p>\n<ul>\n<li>Avoir un antivirus \u00e0 jour<\/li>\n<li>Avoir un pare-feu activ\u00e9<\/li>\n<li>Avoir un syst\u00e8me d&rsquo;exploitation \u00e0 jour (faire les mises \u00e0 jour de Windows)<\/li>\n<li>Avoir des logiciels \u00e0 jour, notamment Adobe Reader, Flash, Java<\/li>\n<li>Eviter de se connecter en Wi-Fi \u00e0 des r\u00e9seaux publics, o\u00f9 utiliser un VPN.<\/li>\n<li>Dans le cas d&rsquo;un r\u00e9seau public, cacher ce que vous tapez. Une personne mal intentionn\u00e9e peut regarder par dessus votre \u00e9paule et \u00e0 un oeil entrain\u00e9<\/li>\n<\/ul>\n<p>Vous pouvez \u00e9galement apporter votre ordinateur, en ayant pris rendez-vous, si cela est plus pratique pour vous.<\/p>\n<p>Ne laissez pas brancher en permanence le support de sauvegarde : en cas d&rsquo;infection, les fichiers qu&rsquo;il contient seraient perdus.<\/p>\n<p>La d\u00e9sinfection de l&rsquo;ordinateur et la <strong>suppression de virus<\/strong> se fait \u00e0 domicile \u00e0\u00a0<span class=\"_Xbe\">979 Avenue de Bourgogne, Ville de Qu\u00e9bec, QC G1W 2L4<\/span><\/p>\n<h3 style=\"text-align: center;\"><span style=\"color: #ff0000;\"><a style=\"color: #ff0000;\" href=\"https:\/\/reparation-ordinateur-quebec.ca\/formulaire-de-rendez-vous\/\"><strong>PRENDRE UN RENDEZ-VOUS EN LIGNE<\/strong><\/a><\/span><\/h3>\n<p><a href=\"https:\/\/reparation-ordinateur-quebec.ca\/formulaire-de-rendez-vous\/\"><img loading=\"lazy\" decoding=\"async\" class=\"aligncenter wp-image-168 size-large\" src=\"https:\/\/informatique-ste-foy.com\/depannage-ordinateur\/wp-content\/uploads\/2016\/12\/Headline_01-700x118.png\" width=\"700\" height=\"118\" srcset=\"https:\/\/informatique-ste-foy.com\/depannage-ordinateur\/wp-content\/uploads\/2016\/12\/Headline_01-700x118.png 700w, https:\/\/informatique-ste-foy.com\/depannage-ordinateur\/wp-content\/uploads\/2016\/12\/Headline_01-300x50.png 300w, https:\/\/informatique-ste-foy.com\/depannage-ordinateur\/wp-content\/uploads\/2016\/12\/Headline_01.png 750w\" sizes=\"auto, (max-width: 700px) 100vw, 700px\" \/><\/a><\/p>\n<h2 style=\"text-align: center;\">Suppression virus et nettoyage ordinateur<\/h2>\n<p style=\"text-align: center;\"><span style=\"color: #00ccff;\"><strong>Magasin de R\u00e9paration Informatique\u00a0<\/strong><\/span><strong><span style=\"color: #00ccff;\">SOS Informatique Ste-Foy Quebec<\/span>\u00a0<\/strong><\/p>\n<div class=\"textwidget\">\n<p style=\"text-align: center;\"><strong><span class=\"_xdb\"><span style=\"color: #ff0000;\">Address :<\/span><\/span><span class=\"_Xbe\" style=\"color: #339966;\">979 Avenue de Bourgogne, Ville de Qu\u00e9bec, QC G1W 2L4, Canada<\/span><\/strong><\/p>\n<p><img loading=\"lazy\" decoding=\"async\" class=\"aligncenter wp-image-38 size-large\" src=\"https:\/\/informatique-ste-foy.com\/depannage-ordinateur\/wp-content\/uploads\/2016\/12\/Headline_02-2-700x187.png\" sizes=\"auto, (max-width: 700px) 100vw, 700px\" srcset=\"https:\/\/informatique-ste-foy.com\/depannage-ordinateur\/wp-content\/uploads\/2016\/12\/Headline_02-2-700x187.png 700w, https:\/\/informatique-ste-foy.com\/depannage-ordinateur\/wp-content\/uploads\/2016\/12\/Headline_02-2-300x80.png 300w, https:\/\/informatique-ste-foy.com\/depannage-ordinateur\/wp-content\/uploads\/2016\/12\/Headline_02-2.png 750w\" width=\"700\" height=\"187\" \/><\/p>\n<p>Si vous avez d&rsquo;autre question a propos de la r\u00e9paration de votre ordinateur ou votre t\u00e9l\u00e9phone cellulaire ou votre tablette :<\/p>\n<ul>\n<li>comment<strong> supprimer un virus<\/strong> sur iphone<\/li>\n<li>comment se d\u00e9barrasser d&rsquo;un virus maladie<\/li>\n<li>virus ordinateur bloqu\u00e9 au d\u00e9marrage<\/li>\n<li>comment <strong>supprimer un virus<\/strong> sur android<\/li>\n<li>supprimer virus gratuit<\/li>\n<li>supprimer virus pc windows 10<\/li>\n<li>comment supprimer un virus sur pc<\/li>\n<li>virus ordinateur appeler num\u00e9ro<\/li>\n<\/ul>\n<\/div>\n<p>&nbsp;<\/p>\n","protected":false},"excerpt":{"rendered":"<p>PRENDRE UN RENDEZ-VOUS EN LIGNE Suppression virus et nettoyage ordinateur D\u00e9pannage d&rsquo;ordinateur\u00a0infect\u00e9 de virus.\u00a0Suppression\u00a0virus et Malwares ou Trojans\u00a0du PC est important pour la s\u00e9curit\u00e9 des donn\u00e9es et de l&rsquo;ordinateurs.Supprimer les virus et Malwares de l&rsquo;ordinateur Selon Google ; D\u00e9finition\u00a0de\u00a0VIRUS\u00a0: \u00ab\u00a0Un\u00a0virus informatique\u00a0est un programme \u00e9crit dans le but de se propager sournoisement et rapidement \u00e0 d&rsquo;autres <a class=\"more-link\" href=\"https:\/\/informatique-ste-foy.com\/depannage-ordinateur\/suppression-virus-et-nettoyage-ordinateur\/\">Lire plus &#8230;<\/a><\/p>\n","protected":false},"author":1,"featured_media":0,"parent":0,"menu_order":0,"comment_status":"closed","ping_status":"closed","template":"","meta":{"footnotes":""},"class_list":["post-53","page","type-page","status-publish","hentry"],"aioseo_notices":[],"_links":{"self":[{"href":"https:\/\/informatique-ste-foy.com\/depannage-ordinateur\/wp-json\/wp\/v2\/pages\/53","targetHints":{"allow":["GET"]}}],"collection":[{"href":"https:\/\/informatique-ste-foy.com\/depannage-ordinateur\/wp-json\/wp\/v2\/pages"}],"about":[{"href":"https:\/\/informatique-ste-foy.com\/depannage-ordinateur\/wp-json\/wp\/v2\/types\/page"}],"author":[{"embeddable":true,"href":"https:\/\/informatique-ste-foy.com\/depannage-ordinateur\/wp-json\/wp\/v2\/users\/1"}],"replies":[{"embeddable":true,"href":"https:\/\/informatique-ste-foy.com\/depannage-ordinateur\/wp-json\/wp\/v2\/comments?post=53"}],"version-history":[{"count":9,"href":"https:\/\/informatique-ste-foy.com\/depannage-ordinateur\/wp-json\/wp\/v2\/pages\/53\/revisions"}],"predecessor-version":[{"id":772,"href":"https:\/\/informatique-ste-foy.com\/depannage-ordinateur\/wp-json\/wp\/v2\/pages\/53\/revisions\/772"}],"wp:attachment":[{"href":"https:\/\/informatique-ste-foy.com\/depannage-ordinateur\/wp-json\/wp\/v2\/media?parent=53"}],"curies":[{"name":"wp","href":"https:\/\/api.w.org\/{rel}","templated":true}]}}