{"id":2,"date":"2016-12-12T18:22:29","date_gmt":"2016-12-12T18:22:29","guid":{"rendered":"https:\/\/informatique-ste-foy.com\/depannage-ordinateur\/?page_id=2"},"modified":"2024-04-13T08:41:26","modified_gmt":"2024-04-13T13:41:26","slug":"reparation-dordinateur","status":"publish","type":"page","link":"https:\/\/informatique-ste-foy.com\/depannage-ordinateur\/","title":{"rendered":"SOS R\u00e9paration d&rsquo;ordinateur a Qu\u00e9bec"},"content":{"rendered":"<p style=\"text-align: center;\"><img loading=\"lazy\" decoding=\"async\" class=\"aligncenter wp-image-304 size-full\" src=\"https:\/\/informatique-ste-foy.com\/depannage-ordinateur\/wp-content\/uploads\/2020\/01\/laptopalert-canada.jpg\" alt=\"\" width=\"564\" height=\"102\" srcset=\"https:\/\/informatique-ste-foy.com\/depannage-ordinateur\/wp-content\/uploads\/2020\/01\/laptopalert-canada.jpg 564w, https:\/\/informatique-ste-foy.com\/depannage-ordinateur\/wp-content\/uploads\/2020\/01\/laptopalert-canada-300x54.jpg 300w\" sizes=\"auto, (max-width: 564px) 100vw, 564px\" \/><\/p>\n<p style=\"text-align: center;\"><span style=\"color: #800080;\"><strong>Magasin de R\u00e9paration Informatique\u00a0<\/strong><strong>SOS Informatique Ste-Foy Quebec\u00a0<\/strong><\/span><\/p>\n<h2 style=\"text-align: center;\">R\u00e9paration d&rsquo;ordinateur a Qu\u00e9bec<\/h2>\n<p>Technicien de r\u00e9paration d&rsquo;ordinateur est la pour vous aider a r\u00e9gler tous vos probl\u00e8mes informatiques, suppression des virus, installation de mise a jour, installation de windows, Mac OS Catalina, r\u00e9paration de iPad vitre cass\u00e9 ou batterie qui garde pas de charge.<\/p>\n<p style=\"text-align: center;\">Vous pouvez venir sans rendez-vous nous voir<\/p>\n<ul>\n<li>Ordinateur de bureau<\/li>\n<li>Ordinateur portable<\/li>\n<li>Macbook Pro<\/li>\n<li>Macbook Air<\/li>\n<li>Apple iMac<\/li>\n<li><strong>SOS INFORMATIQUE STE-FOY<\/strong><\/li>\n<\/ul>\n<div class=\"textwidget\">\n<p style=\"text-align: center;\"><strong><span class=\"_xdb\"><span style=\"color: #ff0000;\">Address :<\/span> <span style=\"color: #993300;\">\u00a0<\/span><\/span><span class=\"_Xbe\" style=\"color: #993300;\">979 Avenue de Bourgogne, Ville de Qu\u00e9bec, QC G1W 2L4, Canada<\/span><\/strong><\/p>\n<p><img loading=\"lazy\" decoding=\"async\" class=\"aligncenter wp-image-306 size-full\" src=\"https:\/\/informatique-ste-foy.com\/depannage-ordinateur\/wp-content\/uploads\/2020\/01\/reparation-ordinateur-portable-ste-foy.jpg\" alt=\"\" width=\"1277\" height=\"699\" srcset=\"https:\/\/informatique-ste-foy.com\/depannage-ordinateur\/wp-content\/uploads\/2020\/01\/reparation-ordinateur-portable-ste-foy.jpg 1277w, https:\/\/informatique-ste-foy.com\/depannage-ordinateur\/wp-content\/uploads\/2020\/01\/reparation-ordinateur-portable-ste-foy-300x164.jpg 300w, https:\/\/informatique-ste-foy.com\/depannage-ordinateur\/wp-content\/uploads\/2020\/01\/reparation-ordinateur-portable-ste-foy-700x383.jpg 700w, https:\/\/informatique-ste-foy.com\/depannage-ordinateur\/wp-content\/uploads\/2020\/01\/reparation-ordinateur-portable-ste-foy-768x420.jpg 768w\" sizes=\"auto, (max-width: 1277px) 100vw, 1277px\" \/><\/p>\n<p><img loading=\"lazy\" decoding=\"async\" class=\"aligncenter wp-image-38 size-large\" src=\"https:\/\/informatique-ste-foy.com\/depannage-ordinateur\/wp-content\/uploads\/2016\/12\/Headline_02-2-700x187.png\" width=\"700\" height=\"187\" srcset=\"https:\/\/informatique-ste-foy.com\/depannage-ordinateur\/wp-content\/uploads\/2016\/12\/Headline_02-2-700x187.png 700w, https:\/\/informatique-ste-foy.com\/depannage-ordinateur\/wp-content\/uploads\/2016\/12\/Headline_02-2-300x80.png 300w, https:\/\/informatique-ste-foy.com\/depannage-ordinateur\/wp-content\/uploads\/2016\/12\/Headline_02-2.png 750w\" sizes=\"auto, (max-width: 700px) 100vw, 700px\" \/><\/p>\n<h3 style=\"text-align: center;\"><span style=\"color: #ff6600;\"><a style=\"color: #ff6600;\" href=\"https:\/\/reparation-ordinateur-quebec.ca\/formulaire-de-rendez-vous\/\"><strong>DEMANDE DE RENDEZ-VOUS EN LIGNE<\/strong><\/a><\/span><\/h3>\n<\/div>\n<div class=\"textwidget\">\n<h3><img loading=\"lazy\" decoding=\"async\" class=\"aligncenter wp-image-39 size-large\" src=\"https:\/\/informatique-ste-foy.com\/depannage-ordinateur\/wp-content\/uploads\/2016\/12\/Headline_11-1-700x73.png\" width=\"700\" height=\"73\" srcset=\"https:\/\/informatique-ste-foy.com\/depannage-ordinateur\/wp-content\/uploads\/2016\/12\/Headline_11-1-700x73.png 700w, https:\/\/informatique-ste-foy.com\/depannage-ordinateur\/wp-content\/uploads\/2016\/12\/Headline_11-1-300x31.png 300w, https:\/\/informatique-ste-foy.com\/depannage-ordinateur\/wp-content\/uploads\/2016\/12\/Headline_11-1.png 750w\" sizes=\"auto, (max-width: 700px) 100vw, 700px\" \/><\/h3>\n<div class=\"textwidget\">\n<h3 style=\"text-align: center;\"><span style=\"color: #ff6600;\"><strong>VENEZ NOUS VOIR<\/strong><\/span><\/h3>\n<\/div>\n<div class=\"thumbnail-gallery clearfix\"><iframe loading=\"lazy\" src=\"https:\/\/www.google.com\/maps\/embed?pb=!1m18!1m12!1m3!1d5465.866756774782!2d-71.31498803028016!3d46.76620963098657!2m3!1f0!2f0!3f0!3m2!1i1024!2i768!4f13.1!3m3!1m2!1s0x4cb890d72059de69%3A0x980efbcbc7a47b97!2sSOS+Informatique+Ste-Foy!5e0!3m2!1sfr!2sca!4v1467104155621\" width=\"750\" height=\"550\" frameborder=\"0\" allowfullscreen=\"allowfullscreen\" data-mce-fragment=\"1\"><\/iframe><\/div>\n<\/div>\n<div class=\"thumbnail-gallery clearfix\">\n<p>&nbsp;<\/p>\n<p>&nbsp;<\/p>\n<h3 style=\"text-align: center;\"><span style=\"color: #ff0000;\"><a style=\"color: #ff0000;\" href=\"https:\/\/reparation-ordinateur-quebec.ca\/formulaire-de-rendez-vous\/\"><strong>PRENDRE UN RENDEZ-VOUS EN LIGNE<\/strong><\/a><\/span><\/h3>\n<p><a href=\"https:\/\/reparation-ordinateur-quebec.ca\/formulaire-de-rendez-vous\/\"><img loading=\"lazy\" decoding=\"async\" class=\"aligncenter wp-image-168 size-large\" src=\"https:\/\/informatique-ste-foy.com\/depannage-ordinateur\/wp-content\/uploads\/2016\/12\/Headline_01-700x118.png\" width=\"700\" height=\"118\" srcset=\"https:\/\/informatique-ste-foy.com\/depannage-ordinateur\/wp-content\/uploads\/2016\/12\/Headline_01-700x118.png 700w, https:\/\/informatique-ste-foy.com\/depannage-ordinateur\/wp-content\/uploads\/2016\/12\/Headline_01-300x50.png 300w, https:\/\/informatique-ste-foy.com\/depannage-ordinateur\/wp-content\/uploads\/2016\/12\/Headline_01.png 750w\" sizes=\"auto, (max-width: 700px) 100vw, 700px\" \/><\/a><\/p>\n<p>&nbsp;<\/p>\n<\/div>\n","protected":false},"excerpt":{"rendered":"<p>Magasin de R\u00e9paration Informatique\u00a0SOS Informatique Ste-Foy Quebec\u00a0 R\u00e9paration d&rsquo;ordinateur a Qu\u00e9bec Technicien de r\u00e9paration d&rsquo;ordinateur est la pour vous aider a r\u00e9gler tous vos probl\u00e8mes informatiques, suppression des virus, installation de mise a jour, installation de windows, Mac OS Catalina, r\u00e9paration de iPad vitre cass\u00e9 ou batterie qui garde pas de charge. Vous pouvez venir <a class=\"more-link\" href=\"https:\/\/informatique-ste-foy.com\/depannage-ordinateur\/\">Lire plus &#8230;<\/a><\/p>\n","protected":false},"author":1,"featured_media":0,"parent":0,"menu_order":0,"comment_status":"closed","ping_status":"open","template":"","meta":{"footnotes":""},"class_list":["post-2","page","type-page","status-publish","hentry"],"aioseo_notices":[],"_links":{"self":[{"href":"https:\/\/informatique-ste-foy.com\/depannage-ordinateur\/wp-json\/wp\/v2\/pages\/2","targetHints":{"allow":["GET"]}}],"collection":[{"href":"https:\/\/informatique-ste-foy.com\/depannage-ordinateur\/wp-json\/wp\/v2\/pages"}],"about":[{"href":"https:\/\/informatique-ste-foy.com\/depannage-ordinateur\/wp-json\/wp\/v2\/types\/page"}],"author":[{"embeddable":true,"href":"https:\/\/informatique-ste-foy.com\/depannage-ordinateur\/wp-json\/wp\/v2\/users\/1"}],"replies":[{"embeddable":true,"href":"https:\/\/informatique-ste-foy.com\/depannage-ordinateur\/wp-json\/wp\/v2\/comments?post=2"}],"version-history":[{"count":24,"href":"https:\/\/informatique-ste-foy.com\/depannage-ordinateur\/wp-json\/wp\/v2\/pages\/2\/revisions"}],"predecessor-version":[{"id":815,"href":"https:\/\/informatique-ste-foy.com\/depannage-ordinateur\/wp-json\/wp\/v2\/pages\/2\/revisions\/815"}],"wp:attachment":[{"href":"https:\/\/informatique-ste-foy.com\/depannage-ordinateur\/wp-json\/wp\/v2\/media?parent=2"}],"curies":[{"name":"wp","href":"https:\/\/api.w.org\/{rel}","templated":true}]}}